{"id":16,"date":"2024-05-06T17:13:26","date_gmt":"2024-05-06T15:13:26","guid":{"rendered":"https:\/\/www.demo.kar-business.com\/?page_id=16"},"modified":"2024-05-26T18:54:58","modified_gmt":"2024-05-26T16:54:58","slug":"a-propos","status":"publish","type":"page","link":"https:\/\/kar-business.com\/index.php\/a-propos\/","title":{"rendered":"A propos"},"content":{"rendered":"\n<div class=\"section-wrapper\" data-id=\"Egpgxw\"><section class=\"wp-block-gutenverse-section guten-element guten-section guten-Egpgxw layout-boxed align-stretch\"><div class=\"guten-background-overlay\"><\/div><div class=\"guten-shape-divider guten-shape-divider-top\"><\/div><div class=\"guten-shape-divider guten-shape-divider-bottom\"><\/div><div class=\"guten-container guten-column-gap-default\">\n<div class=\"wp-block-gutenverse-column guten-element guten-column guten-1kIvXX\"><div class=\"guten-background-overlay\"><\/div><div class=\"sticky-wrapper\" data-id=\"1kIvXX\"><div class=\"guten-column-wrapper\">\n<div class=\"wp-block-gutenverse-image guten-element guten-image guten-HDgFum animated guten-element-hide desktop-fadeInLeft\"><a class=\"guten-image-wrapper\"><img fetchpriority=\"high\" decoding=\"async\" class=\"gutenverse-image-box-filled\" src=\"https:\/\/kar-business.com\/wp-content\/uploads\/2024\/05\/apropos_kar.jpg\" height=\"650\" width=\"740\"\/><\/a><\/div>\n\n\n\n<div class=\"section-wrapper\" data-id=\"tgMWbe\"><section class=\"wp-block-gutenverse-section guten-element guten-section guten-tgMWbe animated guten-element-hide desktop-fadeInUp layout-fullwidth align-stretch\"><div class=\"guten-background-overlay\"><\/div><div class=\"guten-shape-divider guten-shape-divider-top\"><\/div><div class=\"guten-shape-divider guten-shape-divider-bottom\"><\/div><div class=\"guten-container guten-column-gap-default\">\n<div class=\"wp-block-gutenverse-column guten-element guten-column guten-4Ova4K\"><div class=\"guten-background-overlay\"><\/div><div class=\"sticky-wrapper\" data-id=\"4Ova4K\"><div class=\"guten-column-wrapper\">\n<h5 class=\"wp-block-gutenverse-heading guten-element guten-QBDTFg slow\">Si vous avez besoin d&#8217;aide, obtenir une consultation<\/h5>\n\n\n\n<div class=\"guten-element guten-button-wrapper guten-TL8Fij\"><a class=\"guten-button guten-button-sm\" href=\"#\"><span>PRENEZ RENDEZ-VOUS<\/span><i class=\"fa-lg fas fa-arrow-right\"><\/i><\/a><\/div>\n\n\n\n<div class=\"wp-block-gutenverse-icon guten-element guten-aIyZV8 guten-icon\"><span class=\"guten-icon-wrapper square stacked\"><i class=\"gtn gtn-arrow-point-to-down-light\"><\/i><\/span><\/div>\n<\/div><\/div><\/div>\n<\/div><\/section><\/div>\n<\/div><\/div><\/div>\n\n\n\n<div class=\"wp-block-gutenverse-column guten-element guten-column guten-ulD758 hide-mobile\"><div class=\"guten-background-overlay\"><\/div><div class=\"sticky-wrapper\" data-id=\"ulD758\"><div class=\"guten-column-wrapper\">\n<h5 class=\"wp-block-gutenverse-heading guten-element guten-ygUFk5 animated guten-element-hide desktop-fadeInLeft\">Ce que nous faisons<\/h5>\n\n\n\n<h2 class=\"wp-block-gutenverse-heading guten-element guten-cLDML8 animated guten-element-hide desktop-fadeInLeft\">Un groupe d&#8217;entreprise \u00e0 votre service<\/h2>\n\n\n\n<div class=\"guten-element gutenverse-text-editor guten-xRCYmM animated guten-element-hide desktop-fadeInLeft\"><div class=\"text-content-inner\">\n<p>KAR BUSINESS \u00e0 travers une approche dynamique et innovante est d\u00e9di\u00e9 \u00e0 l&#8217;excellence dans le networking, le conseil et r\u00e9seautage, la conciergerie, l&#8217;\u00e9v\u00e9nementiel et les finances.<\/p>\n<\/div><\/div>\n<\/div><\/div><\/div>\n<\/div><\/section><\/div>\n\n\n\n<div class=\"section-wrapper\" data-id=\"p7e2Wh\"><section class=\"wp-block-gutenverse-section guten-element guten-section guten-p7e2Wh layout-boxed align-stretch\"><div class=\"guten-background-overlay\"><\/div><div class=\"guten-shape-divider guten-shape-divider-top\"><\/div><div class=\"guten-shape-divider guten-shape-divider-bottom\"><\/div><div class=\"guten-container guten-column-gap-no\">\n<div class=\"wp-block-gutenverse-column guten-element guten-column guten-ED5kHm\"><div class=\"guten-background-overlay\"><\/div><div class=\"sticky-wrapper\" data-id=\"ED5kHm\"><div class=\"guten-column-wrapper\">\n<div class=\"guten-element guten-client-logo grid-desktop-3 guten-33coMU arrow-bottom-edge\"><div class=\"client-list\"><div id=\"guten-33coMU\" class=\"swiper-container\" data-loop=\"false\" data-autoplay=\"false\" data-timeout=\"2400\" data-nav=\"false\" data-arrow=\"false\" data-breakpoints=\"{&quot;0&quot;:{&quot;spaceBetween&quot;:23,&quot;slidesPerView&quot;:2},&quot;768&quot;:{&quot;spaceBetween&quot;:5,&quot;slidesPerView&quot;:3},&quot;1024&quot;:{&quot;spaceBetween&quot;:10,&quot;slidesPerView&quot;:5}}\"><div class=\"swiper-wrapper\"><div class=\"swiper-slide image-list\"><div class=\"content-image\"><img decoding=\"async\" class=\"main-image\" src=\"https:\/\/kar-business.com\/wp-content\/uploads\/2024\/05\/KARBS.png\" alt=\"KAR BS\"\/><img decoding=\"async\" class=\"hover-image\" src=\"https:\/\/kar-business.com\/wp-content\/uploads\/2024\/05\/KARBS.png\" alt=\"KAR BS\"\/><\/div><\/div><div class=\"swiper-slide image-list\"><div class=\"content-image\"><img decoding=\"async\" class=\"main-image\" src=\"https:\/\/kar-business.com\/wp-content\/uploads\/2024\/05\/KARBC.png\" alt=\"KAR BC\"\/><img decoding=\"async\" class=\"hover-image\" src=\"https:\/\/kar-business.com\/wp-content\/uploads\/2024\/05\/KARBC.png\" alt=\"KAR BC\"\/><\/div><\/div><div class=\"swiper-slide image-list\"><div class=\"content-image\"><img decoding=\"async\" class=\"main-image\" src=\"https:\/\/kar-business.com\/wp-content\/uploads\/2024\/05\/KARaviation.png\" alt=\"KAR AV\"\/><img decoding=\"async\" class=\"hover-image\" src=\"https:\/\/kar-business.com\/wp-content\/uploads\/2024\/05\/KARaviation.png\" alt=\"KAR AV\"\/><\/div><\/div><div class=\"swiper-slide image-list\"><div class=\"content-image\"><img decoding=\"async\" class=\"main-image\" src=\"https:\/\/kar-business.com\/wp-content\/uploads\/2024\/05\/KARAg.png\" alt=\"KAR AG\"\/><img decoding=\"async\" class=\"hover-image\" src=\"https:\/\/kar-business.com\/wp-content\/uploads\/2024\/05\/KARAg.png\" alt=\"KAR AG\"\/><\/div><\/div><div class=\"swiper-slide image-list\"><div class=\"content-image\"><img decoding=\"async\" class=\"main-image\" src=\"https:\/\/kar-business.com\/wp-content\/uploads\/2024\/05\/KARF.png\" alt=\"KAR F\"\/><img decoding=\"async\" class=\"hover-image\" src=\"https:\/\/kar-business.com\/wp-content\/uploads\/2024\/05\/KARF.png\" alt=\"KAR F\"\/><\/div><\/div><\/div><\/div><\/div><\/div>\n<\/div><\/div><\/div>\n<\/div><\/section><\/div>\n\n\n\n<div class=\"section-wrapper\" data-id=\"VNDX9i\"><section class=\"wp-block-gutenverse-section guten-element guten-section guten-VNDX9i layout-boxed align-stretch\"><div class=\"guten-background-overlay\"><\/div><div class=\"guten-shape-divider guten-shape-divider-top\"><\/div><div class=\"guten-shape-divider guten-shape-divider-bottom\"><\/div><div class=\"guten-container guten-column-gap-no\">\n<div class=\"wp-block-gutenverse-column guten-element guten-column guten-lUosFd\"><div class=\"guten-background-overlay\"><\/div><div class=\"sticky-wrapper\" data-id=\"lUosFd\"><div class=\"guten-column-wrapper\">\n<div class=\"section-wrapper\" data-id=\"vREjfm\"><section class=\"wp-block-gutenverse-section guten-element guten-section guten-vREjfm layout-boxed align-stretch\"><div class=\"guten-background-overlay\"><\/div><div class=\"guten-shape-divider guten-shape-divider-top\"><\/div><div class=\"guten-shape-divider guten-shape-divider-bottom\"><\/div><div class=\"guten-container guten-column-gap-no\">\n<div class=\"wp-block-gutenverse-column guten-element guten-column guten-BF3LUn\"><div class=\"guten-background-overlay\"><\/div><div class=\"sticky-wrapper\" data-id=\"BF3LUn\"><div class=\"guten-column-wrapper\">\n<h2 class=\"wp-block-gutenverse-heading guten-element guten-1haprP animated guten-element-hide desktop-fadeInLeft\">Notre savoir-faire<\/h2>\n<\/div><\/div><\/div>\n<\/div><\/section><\/div>\n\n\n\n<div class=\"section-wrapper\" data-id=\"sUgFvO\"><section class=\"wp-block-gutenverse-section guten-element guten-section guten-sUgFvO layout-boxed align-stretch\"><div class=\"guten-background-overlay\"><\/div><div class=\"guten-shape-divider guten-shape-divider-top\"><\/div><div class=\"guten-shape-divider guten-shape-divider-bottom\"><\/div><div class=\"guten-container guten-column-gap-no\">\n<div class=\"wp-block-gutenverse-column guten-element guten-column guten-kh6PoN\"><div class=\"guten-background-overlay\"><\/div><div class=\"sticky-wrapper\" data-id=\"kh6PoN\"><div class=\"guten-column-wrapper\">\n<div class=\"guten-element guten-ScPHtY animated guten-element-hide desktop-fadeInUp guten-icon-box icon-position-left\"><div class=\"guten-icon-box-wrapper hover-from-left\"><div class=\"icon-box icon-box-header\"><div class=\"icon style-color\"><i class=\"fas fa-business-time\"><\/i><\/div><\/div><div class=\"icon-box icon-box-body\"><h2 class=\"title\">Networking &amp; Business development<\/h2><p class=\"icon-box-description\">Nous sommes des architectes de connexions, offrant des services de conseil strat\u00e9gique pour renforcer les fondations de votre entreprise et \u00e9largir vos horizons.<br><\/p><\/div><\/div><\/div>\n<\/div><\/div><\/div>\n\n\n\n<div class=\"wp-block-gutenverse-column guten-element guten-column guten-tz9huS\"><div class=\"guten-background-overlay\"><\/div><div class=\"sticky-wrapper\" data-id=\"tz9huS\"><div class=\"guten-column-wrapper\">\n<div class=\"guten-element guten-Sg6D8P animated guten-element-hide desktop-fadeInUp guten-icon-box icon-position-left\"><div class=\"guten-icon-box-wrapper hover-from-left\"><div class=\"icon-box icon-box-header\"><div class=\"icon style-color\"><i class=\"fab fa-battle-net\"><\/i><\/div><\/div><div class=\"icon-box icon-box-body\"><h2 class=\"title\">R\u00e9seautage professionnel<\/h2><p class=\"icon-box-description\">Nous cr\u00e9ons des plates-formes de r\u00e9seautage propices \u00e0 la croissance des affaires, favorisant des collaborations fructueuses et des alliances strat\u00e9giques.<\/p><\/div><\/div><\/div>\n<\/div><\/div><\/div>\n\n\n\n<div class=\"wp-block-gutenverse-column guten-element guten-column guten-oK60Et\"><div class=\"guten-background-overlay\"><\/div><div class=\"sticky-wrapper\" data-id=\"oK60Et\"><div class=\"guten-column-wrapper\">\n<div class=\"guten-element guten-aBKg8G animated guten-element-hide desktop-fadeInUp guten-icon-box icon-position-left\"><div class=\"guten-icon-box-wrapper hover-from-left\"><div class=\"icon-box icon-box-header\"><div class=\"icon style-color\"><i class=\"fas fa-plane\"><\/i><\/div><\/div><div class=\"icon-box icon-box-body\"><h2 class=\"title\">Transport &amp; Logistique <\/h2><p class=\"icon-box-description\">Grace \u00e0 notre solide expertise dans l&#8217;a\u00e9rien et notre approche personnalis\u00e9e nous facilitons les d\u00e9placements priv\u00e9s, l&#8217;exp\u00e9dition par cargo,  l&#8217;entretien et la r\u00e9paration de tout types d&#8217;a\u00e9ronefs<\/p><\/div><\/div><\/div>\n<\/div><\/div><\/div>\n<\/div><\/section><\/div>\n\n\n\n<div class=\"section-wrapper\" data-id=\"DOiP1r\"><section class=\"wp-block-gutenverse-section guten-element guten-section guten-DOiP1r layout-boxed align-stretch\"><div class=\"guten-background-overlay\"><\/div><div class=\"guten-shape-divider guten-shape-divider-top\"><\/div><div class=\"guten-shape-divider guten-shape-divider-bottom\"><\/div><div class=\"guten-container guten-column-gap-no\">\n<div class=\"wp-block-gutenverse-column guten-element guten-column guten-tM1n84\"><div class=\"guten-background-overlay\"><\/div><div class=\"sticky-wrapper\" data-id=\"tM1n84\"><div class=\"guten-column-wrapper\">\n<div class=\"guten-element guten-cbvWFt animated guten-element-hide desktop-fadeInUp guten-icon-box icon-position-left\"><div class=\"guten-icon-box-wrapper hover-from-left\"><div class=\"icon-box icon-box-header\"><div class=\"icon style-color\"><i class=\"gtn gtn-save-money-light\"><\/i><\/div><\/div><div class=\"icon-box icon-box-body\"><h2 class=\"title\">Solutions financi\u00e8res<\/h2><p class=\"icon-box-description\">Nous proposons des solutions financi\u00e8res adapt\u00e9es, offrant un soutien crucial pour la croissance et le d\u00e9veloppement de votre entreprise.<\/p><\/div><\/div><\/div>\n<\/div><\/div><\/div>\n\n\n\n<div class=\"wp-block-gutenverse-column guten-element guten-column guten-nQTY31\"><div class=\"guten-background-overlay\"><\/div><div class=\"sticky-wrapper\" data-id=\"nQTY31\"><div class=\"guten-column-wrapper\">\n<div class=\"guten-element guten-07izug animated guten-element-hide desktop-fadeInUp guten-icon-box icon-position-left\"><div class=\"guten-icon-box-wrapper hover-from-left\"><div class=\"icon-box icon-box-header\"><div class=\"icon style-color\"><i class=\"gtn gtn-microphone-alt-solid\"><\/i><\/div><\/div><div class=\"icon-box icon-box-body\"><h2 class=\"title\">Relations publiques &amp; Evenementiel<\/h2><p class=\"icon-box-description\">Que ce soit pour la gestion de votre image, l&#8217;organisation de conf\u00e9rences, s\u00e9minaires ou  \u00e9v\u00e9nements exclusifs, nous donnons vie \u00e0 vos id\u00e9es avec cr\u00e9ativit\u00e9 et professionnalisme.<\/p><\/div><\/div><\/div>\n<\/div><\/div><\/div>\n\n\n\n<div class=\"wp-block-gutenverse-column guten-element guten-column guten-HTM3eO\"><div class=\"guten-background-overlay\"><\/div><div class=\"sticky-wrapper\" data-id=\"HTM3eO\"><div class=\"guten-column-wrapper\"><\/div><\/div><\/div>\n<\/div><\/section><\/div>\n<\/div><\/div><\/div>\n<\/div><\/section><\/div>\n\n\n\n<div class=\"section-wrapper\" data-id=\"tCOlqI\"><section class=\"wp-block-gutenverse-section guten-element guten-section guten-tCOlqI layout-boxed align-stretch\"><div class=\"guten-background-overlay\"><\/div><div class=\"guten-shape-divider guten-shape-divider-top\"><\/div><div class=\"guten-shape-divider guten-shape-divider-bottom\"><\/div><div class=\"guten-container guten-column-gap-default\">\n<div class=\"wp-block-gutenverse-column guten-element guten-column guten-bGOpBl\"><div class=\"guten-background-overlay\"><\/div><div class=\"sticky-wrapper\" data-id=\"bGOpBl\"><div class=\"guten-column-wrapper\">\n<h5 class=\"wp-block-gutenverse-heading guten-element guten-GqpPRO animated guten-element-hide slow desktop-fadeInLeft\">NOTRE PRESENCE EN AFRIQUE<\/h5>\n\n\n\n<h2 class=\"wp-block-gutenverse-heading guten-element guten-WbIqHf\">IMPL\u00c9MENTATION<\/h2>\n\n\n\n<div class=\"guten-element gutenverse-text-editor guten-W5WFOg\"><div class=\"text-content-inner\">\n<p><\/p>\n\n\n\n<p>Note p\u00e9rim\u00e8tre d&#8217;intervention couvre l&#8217;Afrique de l&#8217;ouest et l&#8217;Afrique centrale, avec une pr\u00e9sence solidement \u00e9tablie dans deux joyaux de l&#8217;Afrique \u00e0 savoir : la C\u00f4te d&#8217;Ivoire et le Gabon.<\/p>\n\n\n\n<p><\/p>\n\n\n\n<p>nous nous engageons \u00e0 catalyser le succ\u00e8s et la croissance de nos clients pr\u00e9sents ou qui souhaitent \u00e9largir leur march\u00e9 \u00e0 ces zones.<\/p>\n<\/div><\/div>\n<\/div><\/div><\/div>\n\n\n\n<div class=\"wp-block-gutenverse-column guten-element guten-column guten-DrUcl9\"><div class=\"guten-background-overlay\"><\/div><div class=\"sticky-wrapper\" data-id=\"DrUcl9\"><div class=\"guten-column-wrapper\">\n<div class=\"wp-block-gutenverse-image guten-element guten-image guten-vcyyIJ hide-mobile\"><a class=\"guten-image-wrapper\"><img decoding=\"async\" class=\"gutenverse-image-box-filled\" src=\"https:\/\/kar-business.com\/wp-content\/uploads\/2024\/05\/Carte.png\" height=\"1024\" width=\"1536\"\/><\/a><\/div>\n<\/div><\/div><\/div>\n<\/div><\/section><\/div>\n","protected":false},"excerpt":{"rendered":"","protected":false},"author":1,"featured_media":0,"parent":0,"menu_order":0,"comment_status":"closed","ping_status":"closed","template":"","meta":{"_joinchat":[],"footnotes":""},"class_list":["post-16","page","type-page","status-publish","hentry"],"_links":{"self":[{"href":"https:\/\/kar-business.com\/index.php\/wp-json\/wp\/v2\/pages\/16","targetHints":{"allow":["GET"]}}],"collection":[{"href":"https:\/\/kar-business.com\/index.php\/wp-json\/wp\/v2\/pages"}],"about":[{"href":"https:\/\/kar-business.com\/index.php\/wp-json\/wp\/v2\/types\/page"}],"author":[{"embeddable":true,"href":"https:\/\/kar-business.com\/index.php\/wp-json\/wp\/v2\/users\/1"}],"replies":[{"embeddable":true,"href":"https:\/\/kar-business.com\/index.php\/wp-json\/wp\/v2\/comments?post=16"}],"version-history":[{"count":12,"href":"https:\/\/kar-business.com\/index.php\/wp-json\/wp\/v2\/pages\/16\/revisions"}],"predecessor-version":[{"id":276,"href":"https:\/\/kar-business.com\/index.php\/wp-json\/wp\/v2\/pages\/16\/revisions\/276"}],"wp:attachment":[{"href":"https:\/\/kar-business.com\/index.php\/wp-json\/wp\/v2\/media?parent=16"}],"curies":[{"name":"wp","href":"https:\/\/api.w.org\/{rel}","templated":true}]}}